{"id":22,"date":"2017-12-03T02:41:47","date_gmt":"2017-12-03T04:41:47","guid":{"rendered":"http:\/\/www.greenriverlodge.com.br\/?page_id=22"},"modified":"2024-10-13T22:14:07","modified_gmt":"2024-10-14T02:14:07","slug":"uma-nova-forma-de-fazer-maconaria","status":"publish","type":"page","link":"https:\/\/www.greenriverlodge.com.br\/","title":{"rendered":"Ma\u00e7onaria"},"content":{"rendered":"<p><strong>&#8211; A Origem<\/strong><\/p>\n<p>O Rito de York foi fundado no ano de 1799, tendo como organizador e fundador principal o Ir Thomas Smith Webb. \u00c9 justamente este irm\u00e3o, que deu a estrutura e doutrina filos\u00f3fica com os seus respectivos procedimentos gerais ao sistema ma\u00e7\u00f4nico que pode ser identificado pelo nome de &#8220;Rito Americano&#8221; ou &#8220;Rito de York&#8221;.<\/p>\n<p><strong>&#8211; Grande Loja de Rhode Island<\/strong><\/p>\n<p>A Grande Loja da Pensilv\u00e2nia, foi a primeira Grande Loja a ser fundada naquele pa\u00eds norte-americano.<\/p>\n<p>As Blue Lodges, ou seja, as Lojas Simb\u00f3licas americanas trabalham com um ritual que descende diretamente do velho Ritual da Grande Loja dos Antigos(a de 1751), portanto, mais antigo do que os rituais ingleses atuais, todos posteriores \u00e0 Uni\u00e3o de 1813.<\/p>\n<p>As Grandes Lojas americanas, n\u00e3o t\u00eam nenhum vinculo com os Ritos de York e Escoc\u00eas Antigo e Aceito.<\/p>\n<p>Aqui no Brasil, as Grandes Lojas, o Grande Oriente do Brasil e os Grandes Orientes, apesar de afirmarem que trabalham no Rito de York, trabalham especificamente no sistema ritual\u00edstico ingl\u00eas (Emulation Ritual), ou seja, nada tendo a ver com o legitimo Rito de York, o Americano. Exce\u00e7\u00e3o feita as lojas dos Orientes independentes, como o de S\u00e3o Paulo, Rio de Janeiro e Santa Catarina e agora Mato Grosso, que trabalham no aut\u00eantico ritual americano.<\/p>\n<p><strong>&#8211; O Rito de York no Brasil<\/strong><\/p>\n<p>O Rito de York chegou ao Brasil atrav\u00e9s do Grande Oriente Unido, tamb\u00e9m conhecido por &#8220;Grande Oriente dos Beneditinos&#8221;, com a Washington Lodge, fundada em 19 de novembro de 1874, na cidade de Santa B\u00e1rbara do Oeste-SP. Esta Loja &#8220;n\u00e3o foi fundada por ingleses, mas, sim, por americanos&#8221;, depois de terem emigrado para o Brasil, por ocasi\u00e3o da Guerra Civil nos Estados Unidos da Am\u00e9rica. Eles eram quase todos, origin\u00e1rios do Estado do Alabama&#8221;.<\/p>\n<p>O Rito de York hoje \u00e9 praticado por mais de 3 milh\u00f5es de Ma\u00e7ons em quase 50 mil Lojas Simb\u00f3licas. Isso representa quase 60% dos Ma\u00e7ons do mundo.<\/p>\n","protected":false},"excerpt":{"rendered":"<p>&#8211; A Origem O Rito de York foi fundado no ano de 1799, tendo como organizador e fundador principal o Ir Thomas Smith Webb. \u00c9 justamente este irm\u00e3o, que deu a estrutura e doutrina filos\u00f3fica com os seus respectivos procedimentos gerais ao sistema ma\u00e7\u00f4nico que pode ser identificado pelo nome de &#8220;Rito Americano&#8221; ou &#8220;Rito &hellip; <\/p>\n<p class=\"link-more\"><a href=\"https:\/\/www.greenriverlodge.com.br\/\" class=\"more-link\">Continue lendo<span class=\"screen-reader-text\"> &#8220;Ma\u00e7onaria&#8221;<\/span><\/a><\/p>\n","protected":false},"author":3,"featured_media":0,"parent":0,"menu_order":0,"comment_status":"open","ping_status":"closed","template":"","meta":{"footnotes":""},"class_list":["post-22","page","type-page","status-publish","hentry"],"_links":{"self":[{"href":"https:\/\/www.greenriverlodge.com.br\/index.php?rest_route=\/wp\/v2\/pages\/22","targetHints":{"allow":["GET"]}}],"collection":[{"href":"https:\/\/www.greenriverlodge.com.br\/index.php?rest_route=\/wp\/v2\/pages"}],"about":[{"href":"https:\/\/www.greenriverlodge.com.br\/index.php?rest_route=\/wp\/v2\/types\/page"}],"author":[{"embeddable":true,"href":"https:\/\/www.greenriverlodge.com.br\/index.php?rest_route=\/wp\/v2\/users\/3"}],"replies":[{"embeddable":true,"href":"https:\/\/www.greenriverlodge.com.br\/index.php?rest_route=%2Fwp%2Fv2%2Fcomments&post=22"}],"version-history":[{"count":4,"href":"https:\/\/www.greenriverlodge.com.br\/index.php?rest_route=\/wp\/v2\/pages\/22\/revisions"}],"predecessor-version":[{"id":177,"href":"https:\/\/www.greenriverlodge.com.br\/index.php?rest_route=\/wp\/v2\/pages\/22\/revisions\/177"}],"wp:attachment":[{"href":"https:\/\/www.greenriverlodge.com.br\/index.php?rest_route=%2Fwp%2Fv2%2Fmedia&parent=22"}],"curies":[{"name":"wp","href":"https:\/\/api.w.org\/{rel}","templated":true}]}}